{"id":977,"date":"2024-07-11T18:08:42","date_gmt":"2024-07-11T18:08:42","guid":{"rendered":"https:\/\/stoic-raman.147-75-201-41.plesk.page\/perspectivas\/"},"modified":"2025-05-29T21:02:00","modified_gmt":"2025-05-29T21:02:00","slug":"perspectivas","status":"publish","type":"page","link":"https:\/\/myretiremint.com\/es\/perspectivas\/","title":{"rendered":"Perspectivas"},"content":{"rendered":"<div class=\"wpb-content-wrapper\"><p>[vc_row full_width=\u00bbstretch_row_content\u00bb background_position_desktop=\u00bbcenter top\u00bb css=\u00bb.vc_custom_1726264191052{margin-bottom: 0px !important;background-image: url(https:\/\/myretiremint.com\/wp-content\/uploads\/2024\/07\/Header-Image_Get-to-Know-Us_M-scaled.jpg?id=69) !important;background-position: center !important;background-repeat: no-repeat !important;background-size: cover !important;}\u00bb el_class=\u00bbheaderrow\u00bb][vc_column css=\u00bb.vc_custom_1720799542297{margin-top: 0px !important;padding-top: 220px !important;}\u00bb][vc_empty_space height=\u00bb125px\u00bb][\/vc_column][\/vc_row][vc_row full_width=\u00bbstretch_row\u00bb css=\u00bb.vc_custom_1726333980627{background-color: #00523DB3 !important;}\u00bb el_class=\u00bbheaderoverlay\u00bb][vc_column css=\u00bb.vc_custom_1726330425656{padding-top: 5px !important;}\u00bb][vc_column_text css=\u00bb.vc_custom_1726331830256{margin-bottom: 0px !important;}\u00bb]\u00a0[\/vc_column_text][vc_column_text css=\u00bb.vc_custom_1734721027628{margin-bottom: -13px !important;}\u00bb el_class=\u00bbteam-headertext\u00bb]<span style=\"color: #ffffff;\">Eventos y percepciones.<\/span>[\/vc_column_text][\/vc_column][\/vc_row][vc_row][vc_column][vc_column_text css=\u00bb\u00bb el_class=\u00bbretiremint-toptext\u00bb]Trabajar con cooperativas es lo que hacemos. Con nuestros muchos a\u00f1os de experiencia, contamos con conocimientos espec\u00edficos y dominio del tema para ayudar a su empresa a tomar la decisi\u00f3n correcta con respecto a su plan de jubilaci\u00f3n.[\/vc_column_text][\/vc_column][\/vc_row][vc_row full_width=\u00bbstretch_row\u00bb css=\u00bb.vc_custom_1726339767694{background-color: #E8EFEE !important;}\u00bb el_class=\u00bbfirstpost\u00bb][vc_column]<style>.portfolio.news-grid#style-de6021a .portfolio-item:not(.size-item), .preloader#style-preloader-de6021a .portfolio-item { padding: calc(42px\/2) !important; }.portfolio.news-grid#style-de6021a .portfolio-item.size-item { padding: 0 calc(42px\/2) !important; }.portfolio.news-grid#style-de6021a .portfolio-row, .preloader#style-preloader-de6021a .skeleton-posts.portfolio-row { margin: calc(-42px\/2); }.portfolio.news-grid#style-de6021a.fullwidth-columns .portfolio-row { margin: calc(-42px\/2) 0; }.portfolio.news-grid#style-de6021a .fullwidth-block:not(.no-paddings) { padding-left: 42px; padding-right: 42px; }.portfolio.news-grid#style-de6021a .fullwidth-block .portfolio-row { padding-left: calc(42px\/2); padding-right: calc(42px\/2); }.portfolio.news-grid#style-de6021a .fullwidth-block .portfolio-top-panel { padding-left: 42px; padding-right: 42px; }.portfolio.news-grid#style-de6021a.fullwidth-columns .with-filter-sidebar .filter-sidebar { padding-left: 42px; }.portfolio.news-grid#style-de6021a.list-style.with-divider .portfolio-item .wrap:before { top: calc(-42px\/2); }.portfolio.news-grid#style-de6021a .portfolio-item .caption .title span { letter-spacing: px !important; }.portfolio.news-grid#style-de6021a .portfolio-item .wrap > .caption { justify-content: center !important; }<\/style><style>.portfolio.news-grid#style-de6021a .portfolio-filters { text-align: center; }<\/style> <div class=\"portfolio-preloader-wrapper panel-sidebar-position-left\"> <div class=\"portfolio portfolio-grid extended-portfolio-grid news-grid no-padding portfolio-pagination-disable portfolio-style-justified background-style-transparent title-style-light hover-list-zoom-overlay title-on-page caption-position-page version-new list-style caption-position-right loading-animation item-animation-move-up columns-1 columns-tablet-1 columns-mobile-1 disable-isotope disabled-hover with-divider \" id=\"style-de6021a\" data-style-uid=\"de6021a\" data-portfolio-uid=\"grid_e977c49\" data-current-page=\"1\" data-per-page=\"1\" data-next-page=\"0\" data-pages-count=\"1\" data-hover=\"default\" data-portfolio-filter=\"[]\" data-portfolio-filter-attributes=\"null\" data-portfolio-filter-status=\"null\" data-portfolio-filter-price=\"null\" data-portfolio-filter-search=\"\"> <div class=\"portfolio-row-outer \"> <div class=\"portfolio-top-panel filter-type-default selected-only\"> <div class=\"portfolio-top-panel-row filter-style-buttons\"> <div class=\"portfolio-top-panel-left\"><div class=\"portfolio-filter-item portfolio-selected-filters left\"> <div class=\"portfolio-selected-filter-item clear-filters\"> Clear Filters\t<\/div> <\/div> <\/div> <div class=\"portfolio-top-panel-right\"> <\/div> <\/div> <\/div> <div class=\"row portfolio-row\"> <div class=\"portfolio-set clearfix\" data-max-row-height=\"380\"> <div class=\"portfolio-item sin-categorizar col-xs-12 col-sm-12 col-md-12 item-animations-not-inited show-caption-border post-has-author post-2852 post type-post status-publish format-standard has-post-thumbnail category-sin-categorizar\" data-default-sort=\"0\" data-sort-date=\"1747664674\"> <div class=\"thegem-template-wrapper thegem-template-loop-item thegem-template-659 thegem-loop-post-2852\"> <style>.vc_custom_1726339553825{margin-top: 20px !important;}<\/style>[vc_row][vc_column width=\"1\/2\"]<style>.thegem-te-post-title.thegem-custom-69e345b13d28a4226 {justify-content: left; text-align: left;}.thegem-te-post-title.thegem-custom-69e345b13d28a4226 .post-title {letter-spacing: 0px;}.thegem-te-post-title.thegem-custom-69e345b13d28a4226 .post-title {text-transform: none;}<\/style><div class=\"thegem-te-post-title thegem-custom-69e345b13d28a4226\"> <h3 class=\"post-title \"> <a href=https:\/\/myretiremint.com\/es\/retiremint-frente-a-un-401k-tradicional-cual-es-la-diferencia\/ target=_self> <span>RetireMint frente a un 401(k) tradicional: \u00bfcu\u00e1l es la diferencia?<\/span> <\/a> <\/h3> <\/div><style>.thegem-te-post-info.thegem-custom-69e345b13da4d6644 .post-info-item-cats-list {border: 0 !important;}<\/style> <div class=\"thegem-te-post-info post-info--modern post-info--horizontal post-info-- post-info--divider-show post-info--loop-item thegem-custom-69e345b13da4d6644\"> <div class=\"post-info\"><div class=\"post-info-item post-info-item-date text-body-tiny \"><div class=\"date\">05\/19\/2025<\/div><\/div><div class=\"post-info-item post-info-item-author text-body-tiny \"><div class=\"name\">By United Benefits Group<\/div><\/div><\/div> <\/div> <style>.thegem-te-loop-post-content.thegem-custom-69e345b13e02a3344 {justify-content: left; text-align: left;}<\/style><div class=\"thegem-te-loop-post-content vc_custom_1726339553825 thegem-custom-69e345b13e02a3344\"> <p class=\"post-content \"> \u00bfUn apartamento mejor, ahorrar para un coche nuevo, tal vez gastos de guarder\u00eda? Por supuesto. \u00bfLa jubilaci\u00f3n? No tanto. La mayor\u00eda de los trabajadores m\u00e1s j\u00f3venes que comienzan sus carreras probablemente no est\u00e9n pensando mucho en la jubilaci\u00f3n. Sin embargo,&hellip; <\/p> <\/div><div class=\"gem-button-container gem-button-position-left thegem-button-69e345b13e993907 \" ><a class=\"gem-button gem-button-size-small gem-button-style-outline gem-button-text-weight-normal gem-button-border-1 gem-button-no-uppercase\" data-ll-effect=\"drop-right-without-wrap\" style=\"border-radius: 25px;\" onmouseleave=\"\" onmouseenter=\"\" href=\"https:\/\/myretiremint.com\/es\/retiremint-frente-a-un-401k-tradicional-cual-es-la-diferencia\/\" target=\"_self\">Read More<\/a><\/div> [\/vc_column][vc_column width=\"1\/2\"]<style>.thegem-te-loop-featured-media.thegem-custom-69e345b13e9e98182:not(.custom-video-ratio).image-aspect-ratio .media-inner-wrap {aspect-ratio: 1.77;}.thegem-te-loop-featured-media.thegem-custom-69e345b13e9e98182 .media-inner-wrap img {opacity: calc(100\/100);}.thegem-te-loop-featured-media.thegem-custom-69e345b13e9e98182.image-hover-effect a:hover .media-inner-wrap img {opacity: calc(100\/100);}.thegem-te-loop-featured-media.thegem-custom-69e345b13e9e98182 .media-inner-wrap:before {background-color: rgba(0, 0, 0, 0);}.thegem-te-loop-featured-media.thegem-custom-69e345b13e9e98182 .media-inner-wrap .portfolio-image-slider:before {background-color: rgba(0, 0, 0, 0);}.thegem-te-loop-featured-media.thegem-custom-69e345b13e9e98182.image-hover-effect a:hover .media-inner-wrap:before {background-color: rgba(0, 0, 0, 0.3);}<\/style><div class=\"thegem-te-loop-featured-media image-aspect-ratio image-position-centered appearance-type-image loop-item-type-justify firstpostimage thegem-custom-69e345b13e9e98182\"> <a href=https:\/\/myretiremint.com\/es\/retiremint-frente-a-un-401k-tradicional-cual-es-la-diferencia\/ target=_self> <div class=\"featured-media \"> <div class=\"media-inner-wrap\"> <picture> <source srcset=\"https:\/\/myretiremint.com\/wp-content\/uploads\/2025\/05\/pexels-timmoor-6412609-scaled-thegem-product-justified-square-xl.jpg 1x\" sizes=\"100vw\"> <img src=\"https:\/\/myretiremint.com\/wp-content\/uploads\/2025\/05\/pexels-timmoor-6412609-scaled-thegem-product-justified-square-xl.jpg\" width=\"700\" height=\"700\" class=\"attachment-thegem-product-justified-square-xl\" alt=\"RetireMint frente a un 401(k) tradicional: \u00bfcu\u00e1l es la diferencia?\" \/> <\/picture> <\/div> <\/div> <\/a> <\/div>[\/vc_column][\/vc_row]\t<\/div> <\/div> <\/div><!-- .portflio-set --> <\/div><!-- .row--> <\/div><!-- .full-width --> <\/div><!-- .portfolio--> <\/div><!-- .portfolio-preloader-wrapper-->[\/vc_column][\/vc_row][vc_row][vc_column]<div id=\"style-c3b698a\" class=\"extended-posts-filter portfolio-top-panel filter-type-extended\" data-portfolio-uid=\"grid_d31dd86\" > <div class=\"portfolio-top-panel-row\"> <div class=\"portfolio-top-panel-left left\"> <div class=\"portfolio-filters-list style-standard filtering-type-instant scroll-top prevent-hidden-mobile\" data-breakpoint=\"\"> <div class=\"portfolio-filters-outer without-padding\"> <div class=\"portfolio-filters-area\"> <div class=\"portfolio-filters-area-scrollable\"> <div class=\"widget-area-wrap\"> <div class=\"portfolio-filters-extended widget-area\"> <div class=\"portfolio-filter-item attribute tax_category single\"> <h4 class=\"name widget-title\"> <span class=\"widget-title-by\"> Filter By <\/span> Filter by Category <span class=\"widget-title-arrow\"><\/span> <\/h4> <div class=\"portfolio-filter-item-list\"> <ul> <li> <a href=\"#\" role=\"button\" data-filter-type=\"taxonomies\" data-attr=\"tax_category\" data-filter=\"*\" class=\"all active\" rel=\"nofollow\"> <span class=\"check\"><\/span> <span class=\"title\">Show All<\/span> <\/a> <\/li> <li> <a href=\"#\" data-filter-type=\"taxonomies\" data-attr=\"tax_category\" data-filter=\"sin-categorizar\" class=\"\" rel=\"nofollow\"> <span class=\"check\"><\/span> <span class=\"title\">Sin categorizar<\/span> <\/a> <\/li> <\/ul> <\/div> <\/div> <\/div> <\/div> <\/div> <\/div> <\/div> <\/div> <\/div> <\/div> <\/div> <script> !function(s){function a(a,e){s(window).outerWidth()<e?a.hasClass(\"style-standard\")?a.addClass(\"style-standard-mobile\"):a.hasClass(\"style-sidebar\")&&a.addClass(\"style-sidebar-mobile\"):a.hasClass(\"style-standard\")?a.removeClass(\"style-standard-mobile\"):a.hasClass(\"style-sidebar\")&&a.removeClass(\"style-sidebar-mobile\")}s(\"#style-c3b698a .portfolio-filters-list\").each(function(){if(!s(this).hasClass(\"style-hidden\")&&!s(this).hasClass(\"prevent-hidden-mobile\")){let e=s(this),t=e.data(\"breakpoint\")?e.data(\"breakpoint\"):992;a(s(this),t),s(window).on(\"resize\",function(){a(e,t)})}})}(jQuery); <\/script> <style>#style-c3b698a.extended-posts-filter { margin-bottom: 20pxpx; }@media (max-width: 991px) {#style-c3b698a.extended-posts-filter { margin-bottom: 20pxpx; }}@media (max-width: 767px) {#style-c3b698a.extended-posts-filter { margin-bottom: 20pxpx; }}#style-c3b698a.extended-posts-filter .portfolio-filters-list.style-standard:not(.style-standard-mobile) .widget-area { align-items: flex-end; }#style-c3b698a.extended-posts-filter .portfolio-filters-list .portfolio-show-filters-button { margin-left: 0; margin-right: auto; }#style-c3b698a.extended-posts-filter .filters-apply-button { text-align: left; }#style-c3b698a.extended-posts-filter .filters-apply-button { flex: auto; }#style-c3b698a.extended-posts-filter .filters-apply-button .gem-button { width: 100%; }<\/style>[vc_empty_space]<style>.portfolio.news-grid#style-b720fa2 .portfolio-item:not(.size-item), .preloader#style-preloader-b720fa2 .portfolio-item { padding: calc(42px\/2) !important; }.portfolio.news-grid#style-b720fa2 .portfolio-item.size-item { padding: 0 calc(42px\/2) !important; }.portfolio.news-grid#style-b720fa2 .portfolio-row, .preloader#style-preloader-b720fa2 .skeleton-posts.portfolio-row { margin: calc(-42px\/2); }.portfolio.news-grid#style-b720fa2.fullwidth-columns .portfolio-row { margin: calc(-42px\/2) 0; }.portfolio.news-grid#style-b720fa2 .fullwidth-block:not(.no-paddings) { padding-left: 42px; padding-right: 42px; }.portfolio.news-grid#style-b720fa2 .fullwidth-block .portfolio-row { padding-left: calc(42px\/2); padding-right: calc(42px\/2); }.portfolio.news-grid#style-b720fa2 .fullwidth-block .portfolio-top-panel { padding-left: 42px; padding-right: 42px; }.portfolio.news-grid#style-b720fa2.fullwidth-columns .with-filter-sidebar .filter-sidebar { padding-left: 42px; }.portfolio.news-grid#style-b720fa2.list-style.with-divider .portfolio-item .wrap:before { top: calc(-42px\/2); }.portfolio.news-grid#style-b720fa2 .portfolio-item .caption .title span { letter-spacing: px !important; }<\/style><style>.portfolio.news-grid#style-b720fa2 .portfolio-filters { text-align: center; }<\/style>[\/vc_column][\/vc_row]<\/p>\n<\/div>","protected":false},"excerpt":{"rendered":"<p>[vc_row full_width=\u00bbstretch_row_content\u00bb background_position_desktop=\u00bbcenter top\u00bb css=\u00bb.vc_custom_1726264191052{margin-bottom: 0px !important;background-image: url(https:\/\/myretiremint.com\/wp-content\/uploads\/2024\/07\/Header-Image_Get-to-Know-Us_M-scaled.jpg?id=69) !important;background-position: center !important;background-repeat: no-repeat !important;background-size: cover !important;}\u00bb el_class=\u00bbheaderrow\u00bb][vc_column css=\u00bb.vc_custom_1720799542297{margin-top: 0px !important;padding-top: 220px&#8230;<\/p>\n","protected":false},"author":1,"featured_media":885,"parent":0,"menu_order":0,"comment_status":"closed","ping_status":"closed","template":"","meta":{"_acf_changed":false,"inline_featured_image":false,"footnotes":""},"class_list":["post-977","page","type-page","status-publish","has-post-thumbnail"],"acf":[],"_links":{"self":[{"href":"https:\/\/myretiremint.com\/es\/wp-json\/wp\/v2\/pages\/977","targetHints":{"allow":["GET"]}}],"collection":[{"href":"https:\/\/myretiremint.com\/es\/wp-json\/wp\/v2\/pages"}],"about":[{"href":"https:\/\/myretiremint.com\/es\/wp-json\/wp\/v2\/types\/page"}],"author":[{"embeddable":true,"href":"https:\/\/myretiremint.com\/es\/wp-json\/wp\/v2\/users\/1"}],"replies":[{"embeddable":true,"href":"https:\/\/myretiremint.com\/es\/wp-json\/wp\/v2\/comments?post=977"}],"version-history":[{"count":3,"href":"https:\/\/myretiremint.com\/es\/wp-json\/wp\/v2\/pages\/977\/revisions"}],"predecessor-version":[{"id":2834,"href":"https:\/\/myretiremint.com\/es\/wp-json\/wp\/v2\/pages\/977\/revisions\/2834"}],"wp:featuredmedia":[{"embeddable":true,"href":"https:\/\/myretiremint.com\/es\/wp-json\/wp\/v2\/media\/885"}],"wp:attachment":[{"href":"https:\/\/myretiremint.com\/es\/wp-json\/wp\/v2\/media?parent=977"}],"curies":[{"name":"wp","href":"https:\/\/api.w.org\/{rel}","templated":true}]}}