{"id":965,"date":"2024-07-11T18:09:11","date_gmt":"2024-07-11T18:09:11","guid":{"rendered":"https:\/\/stoic-raman.147-75-201-41.plesk.page\/ponte-en-contacto-con\/"},"modified":"2025-12-08T21:41:21","modified_gmt":"2025-12-08T21:41:21","slug":"ponte-en-contacto-con","status":"publish","type":"page","link":"https:\/\/myretiremint.com\/es\/ponte-en-contacto-con\/","title":{"rendered":"Ponte en contacto con"},"content":{"rendered":"<div class=\"wpb-content-wrapper\"><p>[vc_row full_width=\u00bbstretch_row_content\u00bb background_position_desktop=\u00bbcenter top\u00bb css=\u00bb.vc_custom_1734024285933{margin-bottom: 0px !important;background-image: url(https:\/\/myretiremint.com\/wp-content\/uploads\/2024\/12\/Image-Mint-Header_12-6-24.jpg?id=1098) !important;background-position: center !important;background-repeat: no-repeat !important;background-size: cover !important;}\u00bb el_class=\u00bbheaderrow\u00bb][vc_column css=\u00bb.vc_custom_1720799542297{margin-top: 0px !important;padding-top: 220px !important;}\u00bb][vc_empty_space height=\u00bb125px\u00bb][\/vc_column][\/vc_row][vc_row full_width=\u00bbstretch_row\u00bb css=\u00bb.vc_custom_1726333950399{background-color: #00523DB3 !important;}\u00bb el_class=\u00bbheaderoverlay\u00bb][vc_column css=\u00bb.vc_custom_1726330425656{padding-top: 5px !important;}\u00bb][vc_column_text css=\u00bb.vc_custom_1734024184769{margin-bottom: 0px !important;}\u00bb]<span style=\"color: #ffffff;\"> <\/span>[\/vc_column_text][vc_column_text css=\u00bb.vc_custom_1745600459270{margin-bottom: -13px !important;}\u00bb el_class=\u00bbteam-headertext\u00bb]<span style=\"color: #ffffff;\">Contacta con nosotros<\/span>[\/vc_column_text][\/vc_column][\/vc_row][vc_row][vc_column][vc_column_text css=\u00bb\u00bb el_class=\u00bbretiremint-toptext\u00bb]Ya sea que usted sea un profesional de Recursos Humanos en busca de informaci\u00f3n para un empleado o un participante del plan RetireMint con una pregunta, estamos aqu\u00ed para ayudar. Para preguntas generales, por favor ll\u00e1menos al <g id=\"gid_0\"><g id=\"gid_1\">800-816-5535<\/g><\/g> o elija una opci\u00f3n a continuaci\u00f3n. Tambi\u00e9n puede <strong><a href=\"https:\/\/ubg.auth.us-east-1.amazoncognito.com\/login\" target=\"_blank\" rel=\"noopener\">iniciar sesi\u00f3n<\/a><\/strong> para acceder a su cuenta RetireMint.[\/vc_column_text][\/vc_column][\/vc_row][vc_row][vc_column width=\u00bb1\/2&#8243;][vc_column_text css=\u00bb\u00bb el_class=\u00bbretiremint-toptext\u00bb]<span style=\"color: #2ebeef; font-size: 30px;\"><strong>Env\u00edenos un correo electr\u00f3nico<\/strong><\/span><\/p>\n<p>Complete el siguiente formulario y responderemos a su solicitud lo antes posible (generalmente dentro del siguiente d\u00eda h\u00e1bil).[\/vc_column_text]<script type=\"text\/javascript\">\n\/* <![CDATA[ *\/\nvar gform;gform||(document.addEventListener(\"gform_main_scripts_loaded\",function(){gform.scriptsLoaded=!0}),document.addEventListener(\"gform\/theme\/scripts_loaded\",function(){gform.themeScriptsLoaded=!0}),window.addEventListener(\"DOMContentLoaded\",function(){gform.domLoaded=!0}),gform={domLoaded:!1,scriptsLoaded:!1,themeScriptsLoaded:!1,isFormEditor:()=>\"function\"==typeof InitializeEditor,callIfLoaded:function(o){return!(!gform.domLoaded||!gform.scriptsLoaded||!gform.themeScriptsLoaded&&!gform.isFormEditor()||(gform.isFormEditor()&&console.warn(\"The use of gform.initializeOnLoaded() is deprecated in the form editor context and will be removed in Gravity Forms 3.1.\"),o(),0))},initializeOnLoaded:function(o){gform.callIfLoaded(o)||(document.addEventListener(\"gform_main_scripts_loaded\",()=>{gform.scriptsLoaded=!0,gform.callIfLoaded(o)}),document.addEventListener(\"gform\/theme\/scripts_loaded\",()=>{gform.themeScriptsLoaded=!0,gform.callIfLoaded(o)}),window.addEventListener(\"DOMContentLoaded\",()=>{gform.domLoaded=!0,gform.callIfLoaded(o)}))},hooks:{action:{},filter:{}},addAction:function(o,r,e,t){gform.addHook(\"action\",o,r,e,t)},addFilter:function(o,r,e,t){gform.addHook(\"filter\",o,r,e,t)},doAction:function(o){gform.doHook(\"action\",o,arguments)},applyFilters:function(o){return gform.doHook(\"filter\",o,arguments)},removeAction:function(o,r){gform.removeHook(\"action\",o,r)},removeFilter:function(o,r,e){gform.removeHook(\"filter\",o,r,e)},addHook:function(o,r,e,t,n){null==gform.hooks[o][r]&&(gform.hooks[o][r]=[]);var d=gform.hooks[o][r];null==n&&(n=r+\"_\"+d.length),gform.hooks[o][r].push({tag:n,callable:e,priority:t=null==t?10:t})},doHook:function(r,o,e){var t;if(e=Array.prototype.slice.call(e,1),null!=gform.hooks[r][o]&&((o=gform.hooks[r][o]).sort(function(o,r){return o.priority-r.priority}),o.forEach(function(o){\"function\"!=typeof(t=o.callable)&&(t=window[t]),\"action\"==r?t.apply(null,e):e[0]=t.apply(null,e)})),\"filter\"==r)return e[0]},removeHook:function(o,r,t,n){var e;null!=gform.hooks[o][r]&&(e=(e=gform.hooks[o][r]).filter(function(o,r,e){return!!(null!=n&&n!=o.tag||null!=t&&t!=o.priority)}),gform.hooks[o][r]=e)}});\n\/* ]]> *\/\n<\/script>\n\n                <div class='gf_browser_gecko gform_wrapper gravity-theme gform-theme--no-framework' data-form-theme='gravity-theme' data-form-index='0' id='gform_wrapper_1' ><div id='gf_1' class='gform_anchor' tabindex='-1'><\/div><form method='post' enctype='multipart\/form-data' target='gform_ajax_frame_1' id='gform_1'  action='\/es\/wp-json\/wp\/v2\/pages\/965#gf_1' data-formid='1' novalidate>\n                        <div class='gform-body gform_body'><div id='gform_fields_1' class='gform_fields top_label form_sublabel_below description_below validation_below'><div id=\"field_1_9\" class=\"gfield gfield--type-honeypot gform_validation_container field_sublabel_below gfield--has-description field_description_below field_validation_below gfield_visibility_visible\"  ><label class='gfield_label gform-field-label' for='input_1_9'>Name<\/label><div class='ginput_container'><input name='input_9' id='input_1_9' type='text' value='' autocomplete='new-password'\/><\/div><div class='gfield_description' id='gfield_description_1_9'>Este campo es un campo de validaci\u00f3n y debe quedar sin cambios.<\/div><\/div><div id=\"field_1_3\" class=\"gfield gfield--type-text gfield--input-type-text gfield--width-full gfield_contains_required field_sublabel_below gfield--no-description field_description_below hidden_label field_validation_below gfield_visibility_visible\"  ><label class='gfield_label gform-field-label' for='input_1_3'>Nombre<span class=\"gfield_required\"><span class=\"gfield_required gfield_required_text\">(Obligatorio)<\/span><\/span><\/label><div class='ginput_container ginput_container_text'><input name='input_3' id='input_1_3' type='text' value='' class='large'    placeholder='Nombre (obligatorio)' aria-required=\"true\" aria-invalid=\"false\"   \/><\/div><\/div><div id=\"field_1_6\" class=\"gfield gfield--type-text gfield--input-type-text gfield--width-full gfield_contains_required field_sublabel_below gfield--no-description field_description_below hidden_label field_validation_below gfield_visibility_visible\"  ><label class='gfield_label gform-field-label' for='input_1_6'>Empresario<span class=\"gfield_required\"><span class=\"gfield_required gfield_required_text\">(Obligatorio)<\/span><\/span><\/label><div class='ginput_container ginput_container_text'><input name='input_6' id='input_1_6' type='text' value='' class='large'    placeholder='Empleador (obligatorio)' aria-required=\"true\" aria-invalid=\"false\"   \/><\/div><\/div><div id=\"field_1_4\" class=\"gfield gfield--type-email gfield--input-type-email gfield--width-full gfield_contains_required field_sublabel_below gfield--no-description field_description_below hidden_label field_validation_below gfield_visibility_visible\"  ><label class='gfield_label gform-field-label' for='input_1_4'>Env\u00eda un correo electr\u00f3nico a<span class=\"gfield_required\"><span class=\"gfield_required gfield_required_text\">(Obligatorio)<\/span><\/span><\/label><div class='ginput_container ginput_container_email'>\n                            <input name='input_4' id='input_1_4' type='email' value='' class='large'   placeholder='Correo electr\u00f3nico (obligatorio)' aria-required=\"true\" aria-invalid=\"false\"  \/>\n                        <\/div><\/div><div id=\"field_1_7\" class=\"gfield gfield--type-phone gfield--input-type-phone gfield--width-full gfield_contains_required field_sublabel_below gfield--no-description field_description_below hidden_label field_validation_below gfield_visibility_visible\"  ><label class='gfield_label gform-field-label' for='input_1_7'>Tel\u00e9fono<span class=\"gfield_required\"><span class=\"gfield_required gfield_required_text\">(Obligatorio)<\/span><\/span><\/label><div class='ginput_container ginput_container_phone'><input name='input_7' id='input_1_7' type='tel' value='' class='large'  placeholder='Tel\u00e9fono (obligatorio)' aria-required=\"true\" aria-invalid=\"false\"   \/><\/div><\/div><fieldset id=\"field_1_5\" class=\"gfield gfield--type-radio gfield--type-choice gfield--input-type-radio gfield_contains_required field_sublabel_below gfield--no-description field_description_below field_validation_below gfield_visibility_visible\"  ><legend class='gfield_label gform-field-label' >Me gustar\u00eda saber acerca de...<span class=\"gfield_required\"><span class=\"gfield_required gfield_required_text\">(Obligatorio)<\/span><\/span><\/legend><div class='ginput_container ginput_container_radio'><div class='gfield_radio' id='input_1_5'>\n\t\t\t<div class='gchoice gchoice_1_5_0'>\n\t\t\t\t\t<input class='gfield-choice-input' name='input_5' type='radio' value='Valor de mi cuenta RetireMint'  id='choice_1_5_0' onchange='gformToggleRadioOther( this )'    \/>\n\t\t\t\t\t<label for='choice_1_5_0' id='label_1_5_0' class='gform-field-label gform-field-label--type-inline'>Valor de mi cuenta RetireMint<\/label>\n\t\t\t<\/div>\n\t\t\t<div class='gchoice gchoice_1_5_1'>\n\t\t\t\t\t<input class='gfield-choice-input' name='input_5' type='radio' value='Solucionar un problema de acceso\/en l\u00ednea'  id='choice_1_5_1' onchange='gformToggleRadioOther( this )'    \/>\n\t\t\t\t\t<label for='choice_1_5_1' id='label_1_5_1' class='gform-field-label gform-field-label--type-inline'>Solucionar un problema de acceso\/en l\u00ednea<\/label>\n\t\t\t<\/div>\n\t\t\t<div class='gchoice gchoice_1_5_2'>\n\t\t\t\t\t<input class='gfield-choice-input' name='input_5' type='radio' value='Gestionar mi cuenta UBG 401(k)'  id='choice_1_5_2' onchange='gformToggleRadioOther( this )'    \/>\n\t\t\t\t\t<label for='choice_1_5_2' id='label_1_5_2' class='gform-field-label gform-field-label--type-inline'>Gestionar mi cuenta UBG 401(k)<\/label>\n\t\t\t<\/div>\n\t\t\t<div class='gchoice gchoice_1_5_3'>\n\t\t\t\t\t<input class='gfield-choice-input' name='input_5' type='radio' value='C\u00f3mo empezar a cobrar mi n\u00f3mina de por vida'  id='choice_1_5_3' onchange='gformToggleRadioOther( this )'    \/>\n\t\t\t\t\t<label for='choice_1_5_3' id='label_1_5_3' class='gform-field-label gform-field-label--type-inline'>C\u00f3mo empezar a cobrar mi n\u00f3mina de por vida<\/label>\n\t\t\t<\/div>\n\t\t\t<div class='gchoice gchoice_1_5_4'>\n\t\t\t\t\t<input class='gfield-choice-input' name='input_5' type='radio' value='A qui\u00e9n dirigirse para convertirse en empresario participante'  id='choice_1_5_4' onchange='gformToggleRadioOther( this )'    \/>\n\t\t\t\t\t<label for='choice_1_5_4' id='label_1_5_4' class='gform-field-label gform-field-label--type-inline'>A qui\u00e9n dirigirse para convertirse en empresario participante<\/label>\n\t\t\t<\/div>\n\t\t\t<div class='gchoice gchoice_1_5_5'>\n\t\t\t\t\t<input class='gfield-choice-input' name='input_5' type='radio' value='He recibido una postal'  id='choice_1_5_5' onchange='gformToggleRadioOther( this )'    \/>\n\t\t\t\t\t<label for='choice_1_5_5' id='label_1_5_5' class='gform-field-label gform-field-label--type-inline'>He recibido una postal<\/label>\n\t\t\t<\/div>\n\t\t\t<div class='gchoice gchoice_1_5_6'>\n\t\t\t\t\t<input class='gfield-choice-input' name='input_5' type='radio' value='gf_other_choice'  id='choice_1_5_6' onchange='gformToggleRadioOther( this )'    \/>\n\t\t\t\t\t<label for='choice_1_5_6' id='label_1_5_6' class='gform-field-label gform-field-label--type-inline'>Otro<\/label><br \/><input id='input_1_5_other' class='gchoice_other_control' name='input_5_other' type='text' value='Otro' aria-label='Si es otro, especif\u00edcalo, por favor'  disabled='disabled' \/>\n\t\t\t<\/div><\/div><\/div><\/fieldset><div id=\"field_1_8\" class=\"gfield gfield--type-captcha gfield--input-type-captcha gfield--width-full field_sublabel_below gfield--no-description field_description_below field_validation_below gfield_visibility_visible\"  ><label class='gfield_label gform-field-label' for='input_1_8'>CAPTCHA<\/label><div id='input_1_8' class='ginput_container ginput_recaptcha' data-sitekey='6LchqiosAAAAAAqPxdh_q5u6V65Z2bBBxrCTkTUb'  data-theme='light' data-tabindex='0'  data-badge=''><\/div><\/div><\/div><\/div>\n        <div class='gform-footer gform_footer top_label'> <input type='submit' id='gform_submit_button_1' class='gform_button button' onclick='gform.submission.handleButtonClick(this);' data-submission-type='submit' value='Enviar'  \/> <input type='hidden' name='gform_ajax' value='form_id=1&amp;title=&amp;description=&amp;tabindex=0&amp;theme=gravity-theme&amp;styles=[]&amp;hash=dba6b46cbc4c0a9e9e5ee36c7049556b' \/><input type='hidden' class='gform_hidden' name='gform_submission_speeds' value='{&quot;pages&quot;:[]}' \/>\n            <input type='hidden' class='gform_hidden' name='gform_submission_method' data-js='gform_submission_method_1' value='iframe' \/>\n            <input type='hidden' class='gform_hidden' name='gform_theme' data-js='gform_theme_1' id='gform_theme_1' value='gravity-theme' \/>\n            <input type='hidden' class='gform_hidden' name='gform_style_settings' data-js='gform_style_settings_1' id='gform_style_settings_1' value='[]' \/>\n            <input type='hidden' class='gform_hidden' name='is_submit_1' value='1' \/>\n            <input type='hidden' class='gform_hidden' name='gform_submit' value='1' \/>\n            \n            <input type='hidden' class='gform_hidden' name='gform_currency' data-currency='USD' value='1afoSjM\/AZOKbb7b+rxi\/djsJO57vL4m0LxwuC\/e2Dw\/DYsIefzBnt7Xy9WiC4Wjvm3FLbrOf2\/Q24kDYiYg2Mrc2HmgD0KE\/W1AlvR2\/qRbSWg=' \/>\n            <input type='hidden' class='gform_hidden' name='gform_unique_id' value='' \/>\n            <input type='hidden' class='gform_hidden' name='state_1' value='WyJ7XCI1XCI6W1wiYjdiNDkzNWM4OTVjZDVkYTJiY2I2YjFiYzliZmFlN2RcIixcIjY0YjllYzlmMThlYjczOGJmY2Y2ZTczZGZkMjRlYzQwXCIsXCI3MTE2ZmY4YjU0MTRiZDg4NDY3ZjRmM2FkNmQ5OWM0Y1wiLFwiNDMwNzFlZDA3ZTZlYmNkMjdjYmI3ZGQyNTczZTg0MmRcIixcIjAyMWM2MDZjMjYzMGNkY2I4MWIzZTE0NjJmYTA1OTdhXCIsXCI4NDJlYzNlODE0MjM3MmU2ZmY4Y2FkNzdlMWYxZDA2ZFwiXX0iLCI3MzEwYzJiZmE5ZjgyNjJlMjRmYTdhYzEzNDc5NzY2ZiJd' \/>\n            <input type='hidden' autocomplete='off' class='gform_hidden' name='gform_target_page_number_1' id='gform_target_page_number_1' value='0' \/>\n            <input type='hidden' autocomplete='off' class='gform_hidden' name='gform_source_page_number_1' id='gform_source_page_number_1' value='1' \/>\n            <input type='hidden' name='gform_field_values' value='' \/>\n            \n        <\/div>\n                        <\/form>\n                        <\/div>\n\t\t                <iframe style='display:none;width:0px;height:0px;' src='about:blank' name='gform_ajax_frame_1' id='gform_ajax_frame_1' title='Este iframe contiene la l\u00f3gica necesaria para gestionar formularios con ajax activado.'><\/iframe>\n\t\t                <script type=\"text\/javascript\">\n\/* <![CDATA[ *\/\n gform.initializeOnLoaded( function() {gformInitSpinner( 1, 'https:\/\/myretiremint.com\/wp-content\/plugins\/gravityforms\/images\/spinner.svg', true );jQuery('#gform_ajax_frame_1').on('load',function(){var contents = jQuery(this).contents().find('*').html();var is_postback = contents.indexOf('GF_AJAX_POSTBACK') >= 0;if(!is_postback){return;}var form_content = jQuery(this).contents().find('#gform_wrapper_1');var is_confirmation = jQuery(this).contents().find('#gform_confirmation_wrapper_1').length > 0;var is_redirect = contents.indexOf('gformRedirect(){') >= 0;var is_form = form_content.length > 0 && ! is_redirect && ! is_confirmation;var mt = parseInt(jQuery('html').css('margin-top'), 10) + parseInt(jQuery('body').css('margin-top'), 10) + 100;if(is_form){jQuery('#gform_wrapper_1').html(form_content.html());if(form_content.hasClass('gform_validation_error')){jQuery('#gform_wrapper_1').addClass('gform_validation_error');} else {jQuery('#gform_wrapper_1').removeClass('gform_validation_error');}setTimeout( function() { \/* delay the scroll by 50 milliseconds to fix a bug in chrome *\/ jQuery(document).scrollTop(jQuery('#gform_wrapper_1').offset().top - mt); }, 50 );if(window['gformInitDatepicker']) {gformInitDatepicker();}if(window['gformInitPriceFields']) {gformInitPriceFields();}var current_page = jQuery('#gform_source_page_number_1').val();gformInitSpinner( 1, 'https:\/\/myretiremint.com\/wp-content\/plugins\/gravityforms\/images\/spinner.svg', true );jQuery(document).trigger('gform_page_loaded', [1, current_page]);window['gf_submitting_1'] = false;}else if(!is_redirect){var confirmation_content = jQuery(this).contents().find('.GF_AJAX_POSTBACK').html();if(!confirmation_content){confirmation_content = contents;}jQuery('#gform_wrapper_1').replaceWith(confirmation_content);jQuery(document).scrollTop(jQuery('#gf_1').offset().top - mt);jQuery(document).trigger('gform_confirmation_loaded', [1]);window['gf_submitting_1'] = false;wp.a11y.speak(jQuery('#gform_confirmation_message_1').text());}else{jQuery('#gform_1').append(contents);if(window['gformRedirect']) {gformRedirect();}}jQuery(document).trigger(\"gform_pre_post_render\", [{ formId: \"1\", currentPage: \"current_page\", abort: function() { this.preventDefault(); } }]);        if (event && event.defaultPrevented) {                return;        }        const gformWrapperDiv = document.getElementById( \"gform_wrapper_1\" );        if ( gformWrapperDiv ) {            const visibilitySpan = document.createElement( \"span\" );            visibilitySpan.id = \"gform_visibility_test_1\";            gformWrapperDiv.insertAdjacentElement( \"afterend\", visibilitySpan );        }        const visibilityTestDiv = document.getElementById( \"gform_visibility_test_1\" );        let postRenderFired = false;        function triggerPostRender() {            if ( postRenderFired ) {                return;            }            postRenderFired = true;            gform.core.triggerPostRenderEvents( 1, current_page );            if ( visibilityTestDiv ) {                visibilityTestDiv.parentNode.removeChild( visibilityTestDiv );            }        }        function debounce( func, wait, immediate ) {            var timeout;            return function() {                var context = this, args = arguments;                var later = function() {                    timeout = null;                    if ( !immediate ) func.apply( context, args );                };                var callNow = immediate && !timeout;                clearTimeout( timeout );                timeout = setTimeout( later, wait );                if ( callNow ) func.apply( context, args );            };        }        const debouncedTriggerPostRender = debounce( function() {            triggerPostRender();        }, 200 );        if ( visibilityTestDiv && visibilityTestDiv.offsetParent === null ) {            const observer = new MutationObserver( ( mutations ) => {                mutations.forEach( ( mutation ) => {                    if ( mutation.type === 'attributes' && visibilityTestDiv.offsetParent !== null ) {                        debouncedTriggerPostRender();                        observer.disconnect();                    }                });            });            observer.observe( document.body, {                attributes: true,                childList: false,                subtree: true,                attributeFilter: [ 'style', 'class' ],            });        } else {            triggerPostRender();        }    } );} ); \n\/* ]]> *\/\n<\/script>\n[\/vc_column][vc_column width=\u00bb1\/2&#8243;][\/vc_column][\/vc_row][vc_row full_width=\u00bbstretch_row\u00bb css=\u00bb.vc_custom_1726185299850{background-color: #f6f8f7 !important;}\u00bb el_id=\u00bblista\u00bb][vc_column][vc_column_text css=\u00bb.vc_custom_1720806996757{margin-bottom: 40px !important;}\u00bb]<\/p>\n<h4><span style=\"color: #00523d;\">Ponte en contacto con tu Administrador de Beneficios<\/span><\/h4>\n<p>[\/vc_column_text][vc_column_text css=\u00bb\u00bb]Encuentra el Administrador de prestaciones de tu Cooperativa seleccionando un estado, a continuaci\u00f3n:[\/vc_column_text][vc_row_inner el_id=\u00bbcontactadmin\u00bb][vc_column_inner width=\u00bb1\/4&#8243;][\/vc_column_inner][vc_column_inner width=\u00bb1\/2&#8243;][\/vc_column_inner][vc_column_inner width=\u00bb1\/4&#8243;][\/vc_column_inner][\/vc_row_inner][\/vc_column][\/vc_row][vc_row][vc_column width=\u00bb1\/3&#8243;][vc_column_text css=\u00bb.vc_custom_1745600415653{margin-bottom: 40px !important;}\u00bb]<\/p>\n<h4><span style=\"color: #00523d;\">Encu\u00e9ntrenos en la vida real<\/span><\/h4>\n<p>[\/vc_column_text][vc_column_text css=\u00bb\u00bb]<strong>United Benefits Group<\/strong><br \/>\n1251 NW Briarcliff Pkwy, Suite 175<br \/>\nP.O. Box 169005<br \/>\nKansas City, MO 64116-9005<br \/>\n<a href=\"tel:8008165535\">800-816-5535<\/a>[\/vc_column_text][\/vc_column][vc_column width=\u00bb2\/3&#8243;][vc_goo_maps location=\u00bbUnited Benefits Group\u00bb zoom=\u00bb18&#8243; css=\u00bb\u00bb][\/vc_column][\/vc_row]<\/p>\n<\/div>","protected":false},"excerpt":{"rendered":"<p>[vc_row full_width=\u00bbstretch_row_content\u00bb background_position_desktop=\u00bbcenter top\u00bb css=\u00bb.vc_custom_1734024285933{margin-bottom: 0px !important;background-image: url(https:\/\/myretiremint.com\/wp-content\/uploads\/2024\/12\/Image-Mint-Header_12-6-24.jpg?id=1098) !important;background-position: center !important;background-repeat: no-repeat !important;background-size: cover !important;}\u00bb el_class=\u00bbheaderrow\u00bb][vc_column css=\u00bb.vc_custom_1720799542297{margin-top: 0px !important;padding-top: 220px&#8230;<\/p>\n","protected":false},"author":1,"featured_media":0,"parent":0,"menu_order":0,"comment_status":"closed","ping_status":"closed","template":"","meta":{"_acf_changed":false,"inline_featured_image":false,"footnotes":""},"class_list":["post-965","page","type-page","status-publish"],"acf":[],"_links":{"self":[{"href":"https:\/\/myretiremint.com\/es\/wp-json\/wp\/v2\/pages\/965","targetHints":{"allow":["GET"]}}],"collection":[{"href":"https:\/\/myretiremint.com\/es\/wp-json\/wp\/v2\/pages"}],"about":[{"href":"https:\/\/myretiremint.com\/es\/wp-json\/wp\/v2\/types\/page"}],"author":[{"embeddable":true,"href":"https:\/\/myretiremint.com\/es\/wp-json\/wp\/v2\/users\/1"}],"replies":[{"embeddable":true,"href":"https:\/\/myretiremint.com\/es\/wp-json\/wp\/v2\/comments?post=965"}],"version-history":[{"count":20,"href":"https:\/\/myretiremint.com\/es\/wp-json\/wp\/v2\/pages\/965\/revisions"}],"predecessor-version":[{"id":3236,"href":"https:\/\/myretiremint.com\/es\/wp-json\/wp\/v2\/pages\/965\/revisions\/3236"}],"wp:attachment":[{"href":"https:\/\/myretiremint.com\/es\/wp-json\/wp\/v2\/media?parent=965"}],"curies":[{"name":"wp","href":"https:\/\/api.w.org\/{rel}","templated":true}]}}