{"id":2850,"date":"2024-07-11T18:10:55","date_gmt":"2024-07-11T18:10:55","guid":{"rendered":"https:\/\/dev.myretiremint.com\/politica-de-privacidad\/"},"modified":"2025-05-29T21:02:23","modified_gmt":"2025-05-29T21:02:23","slug":"politica-de-privacidad","status":"publish","type":"page","link":"https:\/\/myretiremint.com\/es\/politica-de-privacidad\/","title":{"rendered":"Pol\u00edtica de privacidad"},"content":{"rendered":"<div class=\"wpb-content-wrapper\"><p>[vc_row full_width=\u00bbstretch_row_content\u00bb background_position_desktop=\u00bbcenter top\u00bb css=\u00bb.vc_custom_1726332012982{margin-bottom: 0px !important;background-image: url(https:\/\/myretiremint.com\/wp-content\/uploads\/2024\/09\/Header-Image_Terms-Privacy-scaled.jpg?id=261) !important;background-position: center !important;background-repeat: no-repeat !important;background-size: cover !important;}\u00bb el_class=\u00bbheaderrow\u00bb][vc_column css=\u00bb.vc_custom_1720799542297{margin-top: 0px !important;padding-top: 220px !important;}\u00bb][vc_empty_space height=\u00bb125px\u00bb][\/vc_column][\/vc_row][vc_row full_width=\u00bbstretch_row\u00bb css=\u00bb.vc_custom_1726334109564{background-color: #00523DB3 !important;}\u00bb el_class=\u00bbheaderoverlay\u00bb][vc_column css=\u00bb.vc_custom_1726330425656{padding-top: 5px !important;}\u00bb][vc_column_text css=\u00bb.vc_custom_1726331830256{margin-bottom: 0px !important;}\u00bb]\u00a0[\/vc_column_text][vc_column_text css=\u00bb.vc_custom_1726332006070{margin-bottom: -13px !important;}\u00bb el_class=\u00bbteam-headertext\u00bb]<span style=\"color: #ffffff;\">Pol\u00edtica de privacidad.<\/span>[\/vc_column_text][\/vc_column][\/vc_row][vc_row][vc_column][vc_column_text css=\u00bb\u00bb el_class=\u00bbretiremint-toptext\u00bb]<strong>United Benefits Group<\/strong> puede recopilar y almacenar informaci\u00f3n de identificaci\u00f3n personal cuando usted visita y utiliza este sitio web. Reconocemos que puede estar preocupado por la privacidad de esa informaci\u00f3n, y nos comprometemos a proteger su privacidad en todo momento.<\/p>\n<p><strong>INFORMACI\u00d3N RECOPILADA<\/strong><br \/>\nLa informaci\u00f3n espec\u00edfica recopilada a trav\u00e9s de este sitio web depende de la informaci\u00f3n que haya proporcionado previamente a United Benefits Group y la informaci\u00f3n adicional que proporcione a trav\u00e9s del sitio. Esa informaci\u00f3n puede incluir, pero no se limita a: su nombre, direcci\u00f3n f\u00edsica, n\u00famero de tel\u00e9fono, direcci\u00f3n de correo electr\u00f3nico, fecha de nacimiento, n\u00famero de Seguro Social, informaci\u00f3n de beneficiarios, informaci\u00f3n de cuenta y elecciones de retenci\u00f3n de impuestos. Si desea realizar cambios en cualquier informaci\u00f3n proporcionada, aseg\u00farese de haber iniciado sesi\u00f3n y env\u00ede la nueva informaci\u00f3n (en la medida permitida por el sitio), o comun\u00edquese con United Benefits Group al 1-800-816-5535.<\/p>\n<p><strong>USO DE LA INFORMACI\u00d3N<\/strong><br \/>\nNo vendemos informaci\u00f3n de clientes a terceros. No compartimos informaci\u00f3n de clientes con partes externas que deseen utilizarla con fines de marketing. Utilizamos la informaci\u00f3n recopilada principalmente para mantener su cuenta del Plan o beneficio acumulado, y para procesar distribuciones a usted o a un beneficiario.<\/p>\n<p><strong>COMPARTIR INFORMACI\u00d3N<\/strong><br \/>\nAl hacerlo, podemos compartir su informaci\u00f3n con proveedores de servicios afiliados, como el fideicomisario, custodio, actuario, auditor y\/o administrador de registros de un plan. Esos proveedores de servicios realizan servicios para nosotros, su empleador y\/o su plan. No se les permite utilizar esa informaci\u00f3n para ning\u00fan otro prop\u00f3sito que no sea realizar esos servicios. Adem\u00e1s, podemos compartir esta informaci\u00f3n con otras entidades bajo ciertas circunstancias limitadas permitidas por la ley, como para prevenir o detectar fraudes, resolver una disputa, en respuesta a una solicitud de una agencia gubernamental, en respuesta a una citaci\u00f3n u orden judicial, o en relaci\u00f3n con una venta o fusi\u00f3n de toda o parte de nuestro negocio.<\/p>\n<p><strong>SALVAGUARDIAS<\/strong><br \/>\nEntendemos la importancia de salvaguardar adecuadamente su informaci\u00f3n. Mantenemos salvaguardias f\u00edsicas, electr\u00f3nicas y administrativas para proteger su privacidad. Esas salvaguardias contin\u00faan aplic\u00e1ndose cuando usted ya no es un participante o beneficiario bajo un plan patrocinado o administrado por United Benefits Group.<\/p>\n<p><strong>CAMBIOS EN NUESTRA POL\u00cdTICA DE PRIVACIDAD EN L\u00cdNEA<\/strong><br \/>\nUnited Benefits Group puede ocasionalmente cambiar nuestra pol\u00edtica de privacidad en l\u00ednea. Por lo tanto, recomendamos que, para estar al tanto de esos cambios, revise nuestra pol\u00edtica en l\u00ednea de vez en cuando.<\/p>\n<p><strong>\u00bfC\u00d3MO PUEDES CONTACTAR CON NOSOTROS?<\/strong><br \/>\nPonte en contacto con United Benefits Group llamando al <a href=\"tel:8008165535\"><strong>1.800.816.5535<\/strong><\/a>o al apartado de correos 169005, Kansas City, Missouri 64116, si tienes alguna pregunta sobre nuestra protecci\u00f3n de tu privacidad.[\/vc_column_text][\/vc_column][\/vc_row]<\/p>\n<\/div>","protected":false},"excerpt":{"rendered":"<p>[vc_row full_width=\u00bbstretch_row_content\u00bb background_position_desktop=\u00bbcenter top\u00bb css=\u00bb.vc_custom_1726332012982{margin-bottom: 0px !important;background-image: url(https:\/\/myretiremint.com\/wp-content\/uploads\/2024\/09\/Header-Image_Terms-Privacy-scaled.jpg?id=261) !important;background-position: center !important;background-repeat: no-repeat !important;background-size: cover !important;}\u00bb el_class=\u00bbheaderrow\u00bb][vc_column css=\u00bb.vc_custom_1720799542297{margin-top: 0px !important;padding-top: 220px&#8230;<\/p>\n","protected":false},"author":1,"featured_media":0,"parent":0,"menu_order":0,"comment_status":"closed","ping_status":"closed","template":"","meta":{"_acf_changed":false,"inline_featured_image":false,"footnotes":""},"class_list":["post-2850","page","type-page","status-publish"],"acf":[],"_links":{"self":[{"href":"https:\/\/myretiremint.com\/es\/wp-json\/wp\/v2\/pages\/2850","targetHints":{"allow":["GET"]}}],"collection":[{"href":"https:\/\/myretiremint.com\/es\/wp-json\/wp\/v2\/pages"}],"about":[{"href":"https:\/\/myretiremint.com\/es\/wp-json\/wp\/v2\/types\/page"}],"author":[{"embeddable":true,"href":"https:\/\/myretiremint.com\/es\/wp-json\/wp\/v2\/users\/1"}],"replies":[{"embeddable":true,"href":"https:\/\/myretiremint.com\/es\/wp-json\/wp\/v2\/comments?post=2850"}],"version-history":[{"count":1,"href":"https:\/\/myretiremint.com\/es\/wp-json\/wp\/v2\/pages\/2850\/revisions"}],"predecessor-version":[{"id":2851,"href":"https:\/\/myretiremint.com\/es\/wp-json\/wp\/v2\/pages\/2850\/revisions\/2851"}],"wp:attachment":[{"href":"https:\/\/myretiremint.com\/es\/wp-json\/wp\/v2\/media?parent=2850"}],"curies":[{"name":"wp","href":"https:\/\/api.w.org\/{rel}","templated":true}]}}